
{"id":2607,"date":"2025-05-26T12:14:10","date_gmt":"2025-05-26T12:14:10","guid":{"rendered":"https:\/\/thiam-associes.com\/legal-notice\/"},"modified":"2025-05-26T13:15:03","modified_gmt":"2025-05-26T13:15:03","slug":"legal-notice","status":"publish","type":"page","link":"https:\/\/thiam-associes.com\/en\/legal-notice\/","title":{"rendered":"LEGAL NOTICE"},"content":{"rendered":"<p>[et_pb_section fb_built=&#8221;1&#8243; _builder_version=&#8221;4.27.4&#8243; _module_preset=&#8221;default&#8221; background_color=&#8221;#222c5f&#8221; background_image=&#8221;https:\/\/thiam-associes.com\/wp-content\/uploads\/2025\/01\/header-banner-gd-img.png&#8221; max_height=&#8221;490px&#8221; global_colors_info=&#8221;{}&#8221; theme_builder_area=&#8221;post_content&#8221;][et_pb_row column_structure=&#8221;3_5,2_5&#8243; _builder_version=&#8221;4.27.4&#8243; _module_preset=&#8221;default&#8221; width=&#8221;100%&#8221; global_colors_info=&#8221;{}&#8221; theme_builder_area=&#8221;post_content&#8221;][et_pb_column type=&#8221;3_5&#8243; _builder_version=&#8221;4.27.4&#8243; _module_preset=&#8221;default&#8221; global_colors_info=&#8221;{}&#8221; theme_builder_area=&#8221;post_content&#8221;][et_pb_text _builder_version=&#8221;4.27.4&#8243; _module_preset=&#8221;default&#8221; header_text_color=&#8221;#FFFFFF&#8221; header_font_size=&#8221;66px&#8221; hover_enabled=&#8221;0&#8243; global_colors_info=&#8221;{}&#8221; theme_builder_area=&#8221;post_content&#8221; sticky_enabled=&#8221;0&#8243;]<\/p>\n<h1><strong>LEGAL NOTICE<\/strong><\/h1>\n<p>[\/et_pb_text][\/et_pb_column][et_pb_column type=&#8221;2_5&#8243; _builder_version=&#8221;4.27.4&#8243; _module_preset=&#8221;default&#8221; global_colors_info=&#8221;{}&#8221; theme_builder_area=&#8221;post_content&#8221;][et_pb_image src=&#8221;https:\/\/thiam-associes.com\/wp-content\/uploads\/2025\/02\/inner-page-banner-img.png&#8221; title_text=&#8221;inner-page-banner-img&#8221; show_bottom_space=&#8221;off&#8221; align=&#8221;right&#8221; _builder_version=&#8221;4.27.4&#8243; _module_preset=&#8221;default&#8221; custom_margin=&#8221;-30px||||false|false&#8221; global_colors_info=&#8221;{}&#8221; theme_builder_area=&#8221;post_content&#8221;][\/et_pb_image][\/et_pb_column][\/et_pb_row][\/et_pb_section][et_pb_section fb_built=&#8221;1&#8243; theme_builder_area=&#8221;post_content&#8221; _builder_version=&#8221;4.27.4&#8243; _module_preset=&#8221;default&#8221;][et_pb_row _builder_version=&#8221;4.27.4&#8243; _module_preset=&#8221;default&#8221; theme_builder_area=&#8221;post_content&#8221;][et_pb_column _builder_version=&#8221;4.27.4&#8243; _module_preset=&#8221;default&#8221; type=&#8221;4_4&#8243; theme_builder_area=&#8221;post_content&#8221;][et_pb_text _builder_version=&#8221;4.27.4&#8243; _module_preset=&#8221;default&#8221; theme_builder_area=&#8221;post_content&#8221; hover_enabled=&#8221;0&#8243; sticky_enabled=&#8221;0&#8243;]<\/p>\n<h3><strong>Publisher<\/strong><\/h3>\n<p>Thiam &amp; associ\u00e9s<br \/>Legal form: Soci\u00e9t\u00e9 Civile Professionnelle d&#8217;Avocats<br \/>Registered office: Kip\u00e9 &#8211; M\u00e9tal Guin\u00e9e A c\u00f4t\u00e9 de l&#8217;H\u00f4pital Sino-Guin\u00e9en Commune de Ratoma BP 781 Conakry (R\u00e9publique de Guin\u00e9e)<br \/>Publication manager: Baba Hady Thiam, partner<\/p>\n<h3><strong>Host<\/strong><\/h3>\n<p>OVH<br \/>SAS with capital of \u20ac10,174,560<br \/>RCS Lille M\u00e9tropole 424 761 419 00045<br \/>Code APE 6202A<br \/>Head office: 2, rue Kellermann &#8211; 59100 Roubaix &#8211; France<\/p>\n<p>[\/et_pb_text][\/et_pb_column][\/et_pb_row][et_pb_row _builder_version=&#8221;4.27.4&#8243; _module_preset=&#8221;default&#8221; theme_builder_area=&#8221;post_content&#8221;][et_pb_column _builder_version=&#8221;4.27.4&#8243; _module_preset=&#8221;default&#8221; type=&#8221;4_4&#8243; theme_builder_area=&#8221;post_content&#8221;][et_pb_text _builder_version=&#8221;4.27.4&#8243; _module_preset=&#8221;default&#8221; theme_builder_area=&#8221;post_content&#8221; hover_enabled=&#8221;0&#8243; sticky_enabled=&#8221;0&#8243;]<\/p>\n<h3>Policy on the use of cookies<\/h3>\n<p>A cookie is a file that is downloaded to your computer when you visit certain websites. Cookies enable these websites to store and retrieve information about the browsing habits of the user of a site or their equipment and, on the basis of this information, to recognise them. <\/p>\n<p>This website uses Google Analytics, a website analysis service provided by Google Inc (\u2018Google\u2019). Google Analytics uses cookies. However, the data obtained is limited. It only concerns the number of pages visited, the city where the IP address of the website connection is located, the frequency and recurrence of visits, the duration of the visit, the browser, the operator or the type of terminal from which the visit is made. Under no circumstances will data such as the user&#8217;s surname, first name or postal address be obtained.     <\/p>\n<p>[\/et_pb_text][\/et_pb_column][\/et_pb_row][et_pb_row _builder_version=&#8221;4.27.4&#8243; _module_preset=&#8221;default&#8221; theme_builder_area=&#8221;post_content&#8221;][et_pb_column _builder_version=&#8221;4.27.4&#8243; _module_preset=&#8221;default&#8221; type=&#8221;4_4&#8243; theme_builder_area=&#8221;post_content&#8221;][et_pb_text _builder_version=&#8221;4.27.4&#8243; _module_preset=&#8221;default&#8221; theme_builder_area=&#8221;post_content&#8221; hover_enabled=&#8221;0&#8243; sticky_enabled=&#8221;0&#8243;]<\/p>\n<h3><strong>Links to third party sites<\/strong><\/h3>\n<p>The publisher reserves the right to link or not to link the website to third party websites. Internet users who access these links leave the site. Other sites are not under the control of the Editor, who is therefore not responsible for the content of other sites, the links they contain or any changes or updates made to them.  <\/p>\n<p>[\/et_pb_text][\/et_pb_column][\/et_pb_row][et_pb_row _builder_version=&#8221;4.27.4&#8243; _module_preset=&#8221;default&#8221; theme_builder_area=&#8221;post_content&#8221;][et_pb_column _builder_version=&#8221;4.27.4&#8243; _module_preset=&#8221;default&#8221; type=&#8221;4_4&#8243; theme_builder_area=&#8221;post_content&#8221;][et_pb_text _builder_version=&#8221;4.27.4&#8243; _module_preset=&#8221;default&#8221; theme_builder_area=&#8221;post_content&#8221; hover_enabled=&#8221;0&#8243; sticky_enabled=&#8221;0&#8243;]<\/p>\n<h3><strong>Copyright<\/strong><\/h3>\n<p>All elements of the thiam-associes.com website, in particular texts, presentations, illustrations, photographs, tree structures and layouts are, except for public documents and additional details, the exclusive intellectual property of Thiam &amp; Associ\u00e9s or its partners.<\/p>\n<p>[\/et_pb_text][\/et_pb_column][\/et_pb_row][et_pb_row _builder_version=&#8221;4.27.4&#8243; _module_preset=&#8221;default&#8221; theme_builder_area=&#8221;post_content&#8221;][et_pb_column _builder_version=&#8221;4.27.4&#8243; _module_preset=&#8221;default&#8221; type=&#8221;4_4&#8243; theme_builder_area=&#8221;post_content&#8221;][et_pb_text _builder_version=&#8221;4.27.4&#8243; _module_preset=&#8221;default&#8221; theme_builder_area=&#8221;post_content&#8221; hover_enabled=&#8221;0&#8243; sticky_enabled=&#8221;0&#8243;]<\/p>\n<h3><strong>Miscellaneous provisions<\/strong><\/h3>\n<p>Should any provision of this Legal Notice become invalid or contain a loophole, the provision in question will be replaced by the one that comes closest to it in terms of legal interpretation.<\/p>\n<p>If you are dissatisfied with all or part of this website or if you do not agree with these Terms and Conditions, your sole remedy is to discontinue using it.<\/p>\n<p>[\/et_pb_text][\/et_pb_column][\/et_pb_row][\/et_pb_section]<\/p>\n","protected":false},"excerpt":{"rendered":"<p>LEGAL NOTICEPublisher Thiam &amp; associ\u00e9sLegal form: Soci\u00e9t\u00e9 Civile Professionnelle d&#8217;AvocatsRegistered office: Kip\u00e9 &#8211; M\u00e9tal Guin\u00e9e A c\u00f4t\u00e9 de l&#8217;H\u00f4pital Sino-Guin\u00e9en Commune de Ratoma BP 781 Conakry (R\u00e9publique de Guin\u00e9e)Publication manager: Baba Hady Thiam, partner Host OVHSAS with capital of \u20ac10,174,560RCS Lille M\u00e9tropole 424 761 419 00045Code APE 6202AHead office: 2, rue Kellermann &#8211; 59100 Roubaix [&hellip;]<\/p>\n","protected":false},"author":1,"featured_media":0,"parent":0,"menu_order":0,"comment_status":"closed","ping_status":"closed","template":"","meta":{"_acf_changed":false,"_et_pb_use_builder":"on","_et_pb_old_content":"","_et_gb_content_width":"","footnotes":""},"difl_page_category":[],"class_list":["post-2607","page","type-page","status-publish","hentry"],"acf":[],"yoast_head":"<!-- This site is optimized with the Yoast SEO plugin v26.8 - https:\/\/yoast.com\/product\/yoast-seo-wordpress\/ -->\n<title>LEGAL NOTICE - Thiam &amp; Associ\u00e9s<\/title>\n<meta name=\"robots\" content=\"index, follow, max-snippet:-1, max-image-preview:large, max-video-preview:-1\" \/>\n<link rel=\"canonical\" href=\"https:\/\/thiam-associes.com\/en\/legal-notice\/\" \/>\n<meta property=\"og:locale\" content=\"en_US\" \/>\n<meta property=\"og:type\" content=\"article\" \/>\n<meta property=\"og:title\" content=\"LEGAL NOTICE - Thiam &amp; Associ\u00e9s\" \/>\n<meta property=\"og:description\" content=\"LEGAL NOTICEPublisher Thiam &amp; associ\u00e9sLegal form: Soci\u00e9t\u00e9 Civile Professionnelle d&#039;AvocatsRegistered office: Kip\u00e9 - M\u00e9tal Guin\u00e9e A c\u00f4t\u00e9 de l&#039;H\u00f4pital Sino-Guin\u00e9en Commune de Ratoma BP 781 Conakry (R\u00e9publique de Guin\u00e9e)Publication manager: Baba Hady Thiam, partner Host OVHSAS with capital of \u20ac10,174,560RCS Lille M\u00e9tropole 424 761 419 00045Code APE 6202AHead office: 2, rue Kellermann - 59100 Roubaix [&hellip;]\" \/>\n<meta property=\"og:url\" content=\"https:\/\/thiam-associes.com\/en\/legal-notice\/\" \/>\n<meta property=\"og:site_name\" content=\"Thiam &amp; Associ\u00e9s\" \/>\n<meta property=\"article:modified_time\" content=\"2025-05-26T13:15:03+00:00\" \/>\n<meta name=\"twitter:card\" content=\"summary_large_image\" \/>\n<meta name=\"twitter:label1\" content=\"Est. reading time\" \/>\n\t<meta name=\"twitter:data1\" content=\"4 minutes\" \/>\n<script type=\"application\/ld+json\" class=\"yoast-schema-graph\">{\"@context\":\"https:\/\/schema.org\",\"@graph\":[{\"@type\":\"WebPage\",\"@id\":\"https:\/\/thiam-associes.com\/en\/legal-notice\/\",\"url\":\"https:\/\/thiam-associes.com\/en\/legal-notice\/\",\"name\":\"LEGAL NOTICE - Thiam &amp; Associ\u00e9s\",\"isPartOf\":{\"@id\":\"https:\/\/thiam-associes.com\/en\/#website\"},\"datePublished\":\"2025-05-26T12:14:10+00:00\",\"dateModified\":\"2025-05-26T13:15:03+00:00\",\"breadcrumb\":{\"@id\":\"https:\/\/thiam-associes.com\/en\/legal-notice\/#breadcrumb\"},\"inLanguage\":\"en-US\",\"potentialAction\":[{\"@type\":\"ReadAction\",\"target\":[\"https:\/\/thiam-associes.com\/en\/legal-notice\/\"]}]},{\"@type\":\"BreadcrumbList\",\"@id\":\"https:\/\/thiam-associes.com\/en\/legal-notice\/#breadcrumb\",\"itemListElement\":[{\"@type\":\"ListItem\",\"position\":1,\"name\":\"Accueil\",\"item\":\"https:\/\/thiam-associes.com\/en\/\"},{\"@type\":\"ListItem\",\"position\":2,\"name\":\"LEGAL NOTICE\"}]},{\"@type\":\"WebSite\",\"@id\":\"https:\/\/thiam-associes.com\/en\/#website\",\"url\":\"https:\/\/thiam-associes.com\/en\/\",\"name\":\"Thiam Associes\",\"description\":\"\",\"potentialAction\":[{\"@type\":\"SearchAction\",\"target\":{\"@type\":\"EntryPoint\",\"urlTemplate\":\"https:\/\/thiam-associes.com\/en\/?s={search_term_string}\"},\"query-input\":{\"@type\":\"PropertyValueSpecification\",\"valueRequired\":true,\"valueName\":\"search_term_string\"}}],\"inLanguage\":\"en-US\"}]}<\/script>\n<!-- \/ Yoast SEO plugin. -->","yoast_head_json":{"title":"LEGAL NOTICE - Thiam &amp; Associ\u00e9s","robots":{"index":"index","follow":"follow","max-snippet":"max-snippet:-1","max-image-preview":"max-image-preview:large","max-video-preview":"max-video-preview:-1"},"canonical":"https:\/\/thiam-associes.com\/en\/legal-notice\/","og_locale":"en_US","og_type":"article","og_title":"LEGAL NOTICE - Thiam &amp; Associ\u00e9s","og_description":"LEGAL NOTICEPublisher Thiam &amp; associ\u00e9sLegal form: Soci\u00e9t\u00e9 Civile Professionnelle d'AvocatsRegistered office: Kip\u00e9 - M\u00e9tal Guin\u00e9e A c\u00f4t\u00e9 de l'H\u00f4pital Sino-Guin\u00e9en Commune de Ratoma BP 781 Conakry (R\u00e9publique de Guin\u00e9e)Publication manager: Baba Hady Thiam, partner Host OVHSAS with capital of \u20ac10,174,560RCS Lille M\u00e9tropole 424 761 419 00045Code APE 6202AHead office: 2, rue Kellermann - 59100 Roubaix [&hellip;]","og_url":"https:\/\/thiam-associes.com\/en\/legal-notice\/","og_site_name":"Thiam &amp; Associ\u00e9s","article_modified_time":"2025-05-26T13:15:03+00:00","twitter_card":"summary_large_image","twitter_misc":{"Est. reading time":"4 minutes"},"schema":{"@context":"https:\/\/schema.org","@graph":[{"@type":"WebPage","@id":"https:\/\/thiam-associes.com\/en\/legal-notice\/","url":"https:\/\/thiam-associes.com\/en\/legal-notice\/","name":"LEGAL NOTICE - Thiam &amp; Associ\u00e9s","isPartOf":{"@id":"https:\/\/thiam-associes.com\/en\/#website"},"datePublished":"2025-05-26T12:14:10+00:00","dateModified":"2025-05-26T13:15:03+00:00","breadcrumb":{"@id":"https:\/\/thiam-associes.com\/en\/legal-notice\/#breadcrumb"},"inLanguage":"en-US","potentialAction":[{"@type":"ReadAction","target":["https:\/\/thiam-associes.com\/en\/legal-notice\/"]}]},{"@type":"BreadcrumbList","@id":"https:\/\/thiam-associes.com\/en\/legal-notice\/#breadcrumb","itemListElement":[{"@type":"ListItem","position":1,"name":"Accueil","item":"https:\/\/thiam-associes.com\/en\/"},{"@type":"ListItem","position":2,"name":"LEGAL NOTICE"}]},{"@type":"WebSite","@id":"https:\/\/thiam-associes.com\/en\/#website","url":"https:\/\/thiam-associes.com\/en\/","name":"Thiam Associes","description":"","potentialAction":[{"@type":"SearchAction","target":{"@type":"EntryPoint","urlTemplate":"https:\/\/thiam-associes.com\/en\/?s={search_term_string}"},"query-input":{"@type":"PropertyValueSpecification","valueRequired":true,"valueName":"search_term_string"}}],"inLanguage":"en-US"}]}},"_links":{"self":[{"href":"https:\/\/thiam-associes.com\/en\/wp-json\/wp\/v2\/pages\/2607","targetHints":{"allow":["GET"]}}],"collection":[{"href":"https:\/\/thiam-associes.com\/en\/wp-json\/wp\/v2\/pages"}],"about":[{"href":"https:\/\/thiam-associes.com\/en\/wp-json\/wp\/v2\/types\/page"}],"author":[{"embeddable":true,"href":"https:\/\/thiam-associes.com\/en\/wp-json\/wp\/v2\/users\/1"}],"replies":[{"embeddable":true,"href":"https:\/\/thiam-associes.com\/en\/wp-json\/wp\/v2\/comments?post=2607"}],"version-history":[{"count":2,"href":"https:\/\/thiam-associes.com\/en\/wp-json\/wp\/v2\/pages\/2607\/revisions"}],"predecessor-version":[{"id":2609,"href":"https:\/\/thiam-associes.com\/en\/wp-json\/wp\/v2\/pages\/2607\/revisions\/2609"}],"wp:attachment":[{"href":"https:\/\/thiam-associes.com\/en\/wp-json\/wp\/v2\/media?parent=2607"}],"wp:term":[{"taxonomy":"difl_page_category","embeddable":true,"href":"https:\/\/thiam-associes.com\/en\/wp-json\/wp\/v2\/difl_page_category?post=2607"}],"curies":[{"name":"wp","href":"https:\/\/api.w.org\/{rel}","templated":true}]}}